{"id":1502,"date":"2022-08-16T11:10:19","date_gmt":"2022-08-16T11:10:19","guid":{"rendered":"http:\/\/95.170.85.2\/~pvhbuildin\/politique-de-confidentialite\/"},"modified":"2022-11-15T12:37:57","modified_gmt":"2022-11-15T12:37:57","slug":"politique-de-confidentialite","status":"publish","type":"page","link":"https:\/\/pvhbuilding.nl\/fr\/politique-de-confidentialite\/","title":{"rendered":"Politique de confidentialit\u00e9"},"content":{"rendered":"<div class=\"fusion-fullwidth fullwidth-box fusion-builder-row-1 fusion-flex-container has-pattern-background has-mask-background nonhundred-percent-fullwidth non-hundred-percent-height-scrolling\" style=\"--awb-border-radius-top-left:0px;--awb-border-radius-top-right:0px;--awb-border-radius-bottom-right:0px;--awb-border-radius-bottom-left:0px;--awb-margin-bottom:50px;--awb-flex-wrap:wrap;\" ><div class=\"fusion-builder-row fusion-row fusion-flex-align-items-flex-start fusion-flex-content-wrap\" style=\"max-width:1219px;margin-left: calc(-6% \/ 2 );margin-right: calc(-6% \/ 2 );\"><div class=\"fusion-layout-column fusion_builder_column fusion-builder-column-0 fusion_builder_column_2_3 2_3 fusion-flex-column\" style=\"--awb-bg-size:cover;--awb-width-large:66.666666666667%;--awb-margin-top-large:38px;--awb-spacing-right-large:7.05%;--awb-margin-bottom-large:20px;--awb-spacing-left-large:4.23%;--awb-width-medium:66.666666666667%;--awb-order-medium:0;--awb-spacing-right-medium:7.05%;--awb-spacing-left-medium:4.23%;--awb-width-small:100%;--awb-order-small:0;--awb-spacing-right-small:2.82%;--awb-spacing-left-small:2.82%;\"><div class=\"fusion-column-wrapper fusion-column-has-shadow fusion-flex-justify-content-flex-start fusion-content-layout-column\"><div class=\"fusion-text fusion-text-1\" style=\"--awb-margin-top:40px;\"><h2>PVH Politique de confidentialit\u00e9<\/h2>\n<\/div><div class=\"fusion-text fusion-text-2\"><h3>PVH s&rsquo;engage \u00e0 assurer la protection de votre confidentialit\u00e9<\/h3>\n<p>PVH s&rsquo;engage \u00e0 garantir la confidentialit\u00e9 des visiteurs de son site Web et traite les donn\u00e9es sensibles des visiteurs et des clients avec le plus grand soin. Les informations que nous recueillons sont uniquement utilis\u00e9es pour fournir nos services et pour garantir que votre demande d&rsquo;information est trait\u00e9e de la meilleure mani\u00e8re possible. Les informations personnelles qui vont au-del\u00e0 des donn\u00e9es transactionnelles susmentionn\u00e9es ne sont utilis\u00e9es par nous que si vous les fournissez volontairement. PVH ne communiquera jamais de donn\u00e9es personnelles \u00e0 des tiers, \u00e0 moins que cela ne soit n\u00e9cessaire pour ex\u00e9cuter votre commande ou votre demande, ou que la loi nous y oblige par les autorit\u00e9s comp\u00e9tentes.   <\/p>\n<h3>Objectifs de la collecte de donn\u00e9es<\/h3>\n<p>PVH utilise vos donn\u00e9es (clients) de la mani\u00e8re suivante :<\/p>\n<ul>\n<li>Si vous nous adressez une demande de renseignements, nous avons besoin de votre nom, de votre adresse e-mail et \u00e9ventuellement de votre num\u00e9ro de t\u00e9l\u00e9phone. Si vous demandez des \u00e9chantillons, nous vous demanderons votre adresse de livraison. Si vous passez une commande, nous vous demandons de nous fournir les informations relatives au paiement. En cas de cr\u00e9dit commercial, nous pouvons effectuer une v\u00e9rification de votre solvabilit\u00e9 avant la livraison.   <\/li>\n<li>Avec votre permission, nous pouvons \u00e9galement utiliser vos coordonn\u00e9es pour vous informer des modifications apport\u00e9es \u00e0 notre site web et pour vous envoyer des promotions et des offres sp\u00e9ciales. Si vous ne souhaitez plus recevoir de telles informations, vous pouvez nous en informer par e-mail. <\/li>\n<\/ul>\n<h3>PVH ne vendra jamais de donn\u00e9es personnelles<\/h3>\n<p>PVH ne vendra ni ne partagera jamais les donn\u00e9es personnelles avec des tiers, sauf si cela est li\u00e9 \u00e0 l&rsquo;ex\u00e9cution de votre commande. Nos employ\u00e9s et les entreprises coop\u00e9rantes sont tenus \u00e0 la non-divulgation. <\/p>\n<h3>Vos donn\u00e9es personnelles sont en s\u00e9curit\u00e9 chez PVH<\/h3>\n<p>Chez PVH, la s\u00e9curit\u00e9 des donn\u00e9es est l&rsquo;une de nos principales priorit\u00e9s et nous faisons tout ce qui peut \u00eatre raisonnablement attendu pour assurer la s\u00e9curit\u00e9 de vos donn\u00e9es.<\/p>\n<h3>Aucun cookie<\/h3>\n<p>Les cookies sont de petits \u00e9l\u00e9ments d&rsquo;information qui sont plac\u00e9s sur votre disque dur par un navigateur Internet. Actuellement, aucun cookie n&rsquo;est utilis\u00e9 sur notre site. \u00c0 l&rsquo;avenir, nous n&rsquo;excluons pas l&rsquo;utilisation de cookies pour vous reconna\u00eetre lorsque vous revenez sur www.pvhbuilding.nl et pour adapter davantage notre site aux besoins de nos clients. Les futurs cookies ne contiendront aucune information d&rsquo;identit\u00e9 personnelle. Vous aurez toujours la possibilit\u00e9 de refuser nos cookies en modifiant les param\u00e8tres de votre navigateur.    <\/p>\n<h3>Questions et modifications<\/h3>\n<p>Si vous avez des questions sur notre politique de confidentialit\u00e9, veuillez nous envoyer un e-mail. Si une modification de notre politique de confidentialit\u00e9 s&rsquo;av\u00e8re n\u00e9cessaire, vous pourrez toujours lire la version actuelle sur cette page.<\/p>\n<\/div><div class=\"fusion-text fusion-text-3\"><\/div><\/div><\/div><div class=\"fusion-layout-column fusion_builder_column fusion-builder-column-1 fusion_builder_column_1_3 1_3 fusion-flex-column\" style=\"--awb-padding-top:20px;--awb-padding-right:20px;--awb-padding-bottom:20px;--awb-padding-left:20px;--awb-bg-color:var(--awb-custom_color_1);--awb-bg-color-hover:var(--awb-custom_color_1);--awb-bg-size:cover;--awb-border-color:var(--awb-color4);--awb-border-top:1px;--awb-border-right:1px;--awb-border-bottom:1px;--awb-border-left:1px;--awb-border-style:solid;--awb-width-large:33.333333333333%;--awb-margin-top-large:85px;--awb-spacing-right-large:8.46%;--awb-margin-bottom-large:20px;--awb-spacing-left-large:8.46%;--awb-width-medium:33.333333333333%;--awb-order-medium:0;--awb-spacing-right-medium:8.46%;--awb-spacing-left-medium:8.46%;--awb-width-small:100%;--awb-order-small:0;--awb-spacing-right-small:2.82%;--awb-spacing-left-small:2.82%;\"><div class=\"fusion-column-wrapper fusion-column-has-shadow fusion-flex-justify-content-flex-start fusion-content-layout-column\"><div class=\"fusion-image-element \" style=\"--awb-margin-bottom:25px;--awb-caption-title-font-family:var(--h2_typography-font-family);--awb-caption-title-font-weight:var(--h2_typography-font-weight);--awb-caption-title-font-style:var(--h2_typography-font-style);--awb-caption-title-size:var(--h2_typography-font-size);--awb-caption-title-transform:var(--h2_typography-text-transform);--awb-caption-title-line-height:var(--h2_typography-line-height);--awb-caption-title-letter-spacing:var(--h2_typography-letter-spacing);\"><span class=\" fusion-imageframe imageframe-none imageframe-1 hover-type-none\"><a href=\"https:\/\/pvhbuilding.nl\/wp-content\/uploads\/2022\/08\/Predicaat-Hofleverancierwitte-rand.jpg\" class=\"fusion-lightbox\" data-rel=\"iLightbox[89423913d3c80db3eb5]\"><img decoding=\"async\" width=\"1500\" height=\"1500\" src=\"https:\/\/pvhbuilding.nl\/wp-content\/uploads\/2022\/08\/Predicaat-Hofleverancier-pad.png\" alt class=\"img-responsive wp-image-980\" srcset=\"https:\/\/pvhbuilding.nl\/wp-content\/uploads\/2022\/08\/Predicaat-Hofleverancier-pad-200x200.png 200w, https:\/\/pvhbuilding.nl\/wp-content\/uploads\/2022\/08\/Predicaat-Hofleverancier-pad-400x400.png 400w, https:\/\/pvhbuilding.nl\/wp-content\/uploads\/2022\/08\/Predicaat-Hofleverancier-pad-600x600.png 600w, https:\/\/pvhbuilding.nl\/wp-content\/uploads\/2022\/08\/Predicaat-Hofleverancier-pad-800x800.png 800w, https:\/\/pvhbuilding.nl\/wp-content\/uploads\/2022\/08\/Predicaat-Hofleverancier-pad-1200x1200.png 1200w, https:\/\/pvhbuilding.nl\/wp-content\/uploads\/2022\/08\/Predicaat-Hofleverancier-pad.png 1500w\" sizes=\"(max-width: 640px) 100vw, 400px\" \/><\/a><\/span><\/div><div class=\"fusion-text fusion-text-4\"><h6 style=\"text-align: center;\"><span style=\"color: #333333;\">Bij Koninklijke Beschikking Hofleverancier<br \/>\n<\/span><span style=\"color: #333333;\">By Appointment to the Court of the Netherlands<br \/>\n<\/span><span style=\"color: #333333;\">Fournisseur de la Cour par Ordonnance Royale<br \/>\n<\/span><span style=\"color: #333333;\">Durch K\u00f6niglichen Erlass: Hoflieferant<br \/>\n<\/span><span style=\"color: #333333;\">Proveedores de la Real Casa de los Paises Bajos<\/span><\/h6>\n<\/div><\/div><\/div>\n<\/div><\/div>\n","protected":false},"excerpt":{"rendered":"","protected":false},"author":2,"featured_media":0,"parent":0,"menu_order":0,"comment_status":"closed","ping_status":"closed","template":"100-width.php","meta":{"footnotes":""},"class_list":["post-1502","page","type-page","status-publish","hentry"],"_links":{"self":[{"href":"https:\/\/pvhbuilding.nl\/fr\/wp-json\/wp\/v2\/pages\/1502","targetHints":{"allow":["GET"]}}],"collection":[{"href":"https:\/\/pvhbuilding.nl\/fr\/wp-json\/wp\/v2\/pages"}],"about":[{"href":"https:\/\/pvhbuilding.nl\/fr\/wp-json\/wp\/v2\/types\/page"}],"author":[{"embeddable":true,"href":"https:\/\/pvhbuilding.nl\/fr\/wp-json\/wp\/v2\/users\/2"}],"replies":[{"embeddable":true,"href":"https:\/\/pvhbuilding.nl\/fr\/wp-json\/wp\/v2\/comments?post=1502"}],"version-history":[{"count":2,"href":"https:\/\/pvhbuilding.nl\/fr\/wp-json\/wp\/v2\/pages\/1502\/revisions"}],"predecessor-version":[{"id":1504,"href":"https:\/\/pvhbuilding.nl\/fr\/wp-json\/wp\/v2\/pages\/1502\/revisions\/1504"}],"wp:attachment":[{"href":"https:\/\/pvhbuilding.nl\/fr\/wp-json\/wp\/v2\/media?parent=1502"}],"curies":[{"name":"wp","href":"https:\/\/api.w.org\/{rel}","templated":true}]}}